{"id":40,"date":"2026-04-15T17:47:54","date_gmt":"2026-04-15T17:47:54","guid":{"rendered":"https:\/\/elegant-albattani.37-187-145-177.plesk.page\/staging\/a-propos\/"},"modified":"2026-04-15T17:47:54","modified_gmt":"2026-04-15T17:47:54","slug":"a-propos","status":"publish","type":"page","link":"https:\/\/blog.infonosocomiale.fr\/a-propos\/","title":{"rendered":"\u00c0 propos"},"content":{"rendered":"\n<div class=\"wp-block-cover alignfull is-dark\" style=\"padding-top:80px;padding-bottom:80px\"><span aria-hidden=\"true\" class=\"wp-block-cover__background has-background-dim-70\" style=\"background-color:#1a1a2e\"><\/span><div class=\"wp-block-cover__inner-container is-layout-flow wp-block-cover-is-layout-flow\">\n\n<h1 class=\"wp-block-heading has-text-align-center\" style=\"color:#ffffff;font-size:46px;font-weight:700;margin-bottom:16px\">\u00c0 propos<\/h1>\n\n\n<p class=\"has-text-align-center\" style=\"color:#e0e0e0;font-size:19px\">D\u00e9couvrez qui nous sommes et ce qui nous anime<\/p>\n\n<\/div><\/div>\n\n\n\n<div class=\"wp-block-group alignfull\" style=\"background-color:#f9f9f9;padding-top:70px;padding-bottom:70px\"><div class=\"wp-block-group__inner-container is-layout-constrained wp-container-core-group-is-layout-348e4def wp-block-group-is-layout-constrained\">\n\n<h2 class=\"wp-block-heading has-text-align-center\" style=\"font-size:34px;font-weight:700;margin-bottom:50px\">Notre histoire<\/h2>\n\n\n<div class=\"wp-block-columns are-vertically-aligned-center is-layout-flex wp-container-core-columns-is-layout-348bed09 wp-block-columns-is-layout-flex\">\n\n<div class=\"wp-block-column is-vertically-aligned-center is-layout-flow wp-block-column-is-layout-flow\">\n\n<\/div>\n\n\n<div class=\"wp-block-column is-vertically-aligned-center is-layout-flow wp-block-column-is-layout-flow\">\n\n<h3 class=\"wp-block-heading\" style=\"font-size:26px;font-weight:600;margin-bottom:20px\">D&rsquo;o\u00f9 venons-nous ?<\/h3>\n\n\n<p style=\"font-size:17px;line-height:1.8;margin-bottom:16px\">Racontez l&rsquo;origine de votre projet ou de votre activit\u00e9. Comment tout a commenc\u00e9, quelle a \u00e9t\u00e9 l&rsquo;\u00e9tincelle initiale. Ce paragraphe doit cr\u00e9er une connexion \u00e9motionnelle avec le lecteur.<\/p>\n\n\n<p style=\"font-size:17px;line-height:1.8;margin-bottom:16px\">D\u00e9veloppez le contexte, les d\u00e9fis rencontr\u00e9s, les \u00e9tapes cl\u00e9s qui ont forg\u00e9 votre identit\u00e9 actuelle. Soyez concret et authentique.<\/p>\n\n\n<p style=\"font-size:17px;line-height:1.8\">Concluez sur votre situation aujourd&rsquo;hui et ce que vous apportez concr\u00e8tement \u00e0 votre audience ou \u00e0 vos clients.<\/p>\n\n<\/div>\n\n<\/div>\n\n<\/div><\/div>\n\n\n\n<div class=\"wp-block-group alignfull\" style=\"padding-top:70px;padding-bottom:70px\"><div class=\"wp-block-group__inner-container is-layout-constrained wp-container-core-group-is-layout-348e4def wp-block-group-is-layout-constrained\">\n\n<h2 class=\"wp-block-heading has-text-align-center\" style=\"font-size:34px;font-weight:700;margin-bottom:12px\">Nos valeurs<\/h2>\n\n\n<p class=\"has-text-align-center\" style=\"font-size:17px;margin-bottom:50px\">Les principes qui guident chacune de nos actions<\/p>\n\n\n<div class=\"wp-block-columns is-layout-flex wp-container-core-columns-is-layout-00a7dfc8 wp-block-columns-is-layout-flex\">\n\n<div class=\"wp-block-column is-layout-flow wp-block-column-is-layout-flow\">\n\n<div class=\"wp-block-group\" style=\"border-radius:12px;border:1px solid #e5e5e5;background-color:#f9f9f9;padding-top:36px;padding-bottom:36px;padding-left:28px;padding-right:28px\"><div class=\"wp-block-group__inner-container is-layout-constrained wp-container-core-group-is-layout-8910e018 wp-block-group-is-layout-constrained\">\n\n<p style=\"font-size:42px;margin-bottom:16px\">\ud83e\udd1d<\/p>\n\n\n<h3 class=\"wp-block-heading\" style=\"font-size:20px;font-weight:600;margin-bottom:12px\">Valeur 1<\/h3>\n\n\n<p style=\"color:#555555;font-size:15px;line-height:1.7\">Description de cette valeur et de ce qu&rsquo;elle signifie concr\u00e8tement dans votre fa\u00e7on de travailler au quotidien.<\/p>\n\n<\/div><\/div>\n\n<\/div>\n\n\n<div class=\"wp-block-column is-layout-flow wp-block-column-is-layout-flow\">\n\n<div class=\"wp-block-group\" style=\"border-radius:12px;border:1px solid #e5e5e5;background-color:#f9f9f9;padding-top:36px;padding-bottom:36px;padding-left:28px;padding-right:28px\"><div class=\"wp-block-group__inner-container is-layout-constrained wp-container-core-group-is-layout-8910e018 wp-block-group-is-layout-constrained\">\n\n<p style=\"font-size:42px;margin-bottom:16px\">\ud83d\udc8e<\/p>\n\n\n<h3 class=\"wp-block-heading\" style=\"font-size:20px;font-weight:600;margin-bottom:12px\">Valeur 2<\/h3>\n\n\n<p style=\"color:#555555;font-size:15px;line-height:1.7\">Description de cette valeur et de ce qu&rsquo;elle signifie concr\u00e8tement dans votre fa\u00e7on de travailler au quotidien.<\/p>\n\n<\/div><\/div>\n\n<\/div>\n\n\n<div class=\"wp-block-column is-layout-flow wp-block-column-is-layout-flow\">\n\n<div class=\"wp-block-group\" style=\"border-radius:12px;border:1px solid #e5e5e5;background-color:#f9f9f9;padding-top:36px;padding-bottom:36px;padding-left:28px;padding-right:28px\"><div class=\"wp-block-group__inner-container is-layout-constrained wp-container-core-group-is-layout-8910e018 wp-block-group-is-layout-constrained\">\n\n<p style=\"font-size:42px;margin-bottom:16px\">\ud83d\ude80<\/p>\n\n\n<h3 class=\"wp-block-heading\" style=\"font-size:20px;font-weight:600;margin-bottom:12px\">Valeur 3<\/h3>\n\n\n<p style=\"color:#555555;font-size:15px;line-height:1.7\">Description de cette valeur et de ce qu&rsquo;elle signifie concr\u00e8tement dans votre fa\u00e7on de travailler au quotidien.<\/p>\n\n<\/div><\/div>\n\n<\/div>\n\n<\/div>\n\n<\/div><\/div>\n\n\n\n<div class=\"wp-block-group alignfull\" style=\"background-color:#f0f4ff;padding-top:70px;padding-bottom:70px\"><div class=\"wp-block-group__inner-container is-layout-constrained wp-container-core-group-is-layout-348e4def wp-block-group-is-layout-constrained\">\n\n<div class=\"wp-block-columns are-vertically-aligned-center is-layout-flex wp-container-core-columns-is-layout-348bed09 wp-block-columns-is-layout-flex\">\n\n<div class=\"wp-block-column is-vertically-aligned-center is-layout-flow wp-block-column-is-layout-flow\" style=\"flex-basis:45%\">\n\n<h2 class=\"wp-block-heading\" style=\"font-size:34px;font-weight:700;margin-bottom:20px\">Notre mission<\/h2>\n\n\n<p style=\"color:#333333;font-size:18px;line-height:1.7;font-weight:500;margin-bottom:20px\">Formulez ici votre mission en une phrase forte et claire. Ce doit \u00eatre la raison d&rsquo;\u00eatre de votre activit\u00e9.<\/p>\n\n\n<p style=\"color:#555555;font-size:16px;line-height:1.8;margin-bottom:16px\">D\u00e9veloppez ensuite les moyens concrets que vous mettez en \u0153uvre pour accomplir cette mission. Quelles actions, quels outils, quelle approche ?<\/p>\n\n\n<p style=\"color:#555555;font-size:16px;line-height:1.8\">Terminez par l&rsquo;impact que vous souhaitez avoir sur votre audience, vos clients ou votre domaine d&rsquo;activit\u00e9.<\/p>\n\n<\/div>\n\n\n<div class=\"wp-block-column is-vertically-aligned-center is-layout-flow wp-block-column-is-layout-flow\" style=\"flex-basis:55%\">\n\n<div class=\"wp-block-group\" style=\"border-radius:16px;background-color:#ffffff;padding-top:40px;padding-bottom:40px;padding-left:40px;padding-right:40px\"><div class=\"wp-block-group__inner-container is-layout-constrained wp-container-core-group-is-layout-c1ab20b5 wp-block-group-is-layout-constrained\">\n\n<ul class=\"wp-block-list\" style=\"font-size:16px;line-height:1.9;padding-left:8px\">\n<li>\u2705 Premier engagement ou objectif concret<\/li>\n<li>\u2705 Deuxi\u00e8me engagement ou objectif concret<\/li>\n<li>\u2705 Troisi\u00e8me engagement ou objectif concret<\/li>\n<li>\u2705 Quatri\u00e8me engagement ou objectif concret<\/li>\n<li>\u2705 Cinqui\u00e8me engagement ou objectif concret<\/li>\n<\/ul>\n\n<\/div><\/div>\n\n<\/div>\n\n<\/div>\n\n<\/div><\/div>\n\n\n\n<div class=\"wp-block-cover alignfull is-dark\" style=\"padding-top:80px;padding-bottom:80px\"><span aria-hidden=\"true\" class=\"wp-block-cover__background has-background-dim-90\" style=\"background-color:#1a1a2e\"><\/span><div class=\"wp-block-cover__inner-container is-layout-flow wp-block-cover-is-layout-flow\">\n\n<h2 class=\"wp-block-heading has-text-align-center\" style=\"color:#ffffff;font-size:36px;font-weight:700;margin-bottom:16px\">Travaillons ensemble<\/h2>\n\n\n<p class=\"has-text-align-center\" style=\"color:#e0e0e0;font-size:18px;margin-bottom:36px\">Une question ? Un projet ? Nous sommes \u00e0 votre \u00e9coute.<\/p>\n\n\n<div class=\"wp-block-buttons is-content-justification-center is-layout-flex wp-container-core-buttons-is-layout-16018d1d wp-block-buttons-is-layout-flex\">\n\n<div class=\"wp-block-button\"><a class=\"wp-block-button__link wp-element-button\" href=\"\/contact\" style=\"font-size:16px;padding-top:14px;padding-bottom:14px;padding-left:36px;padding-right:36px\">Nous contacter<\/a><\/div>\n\n<\/div>\n\n<\/div><\/div>\n","protected":false},"excerpt":{"rendered":"<p>Notre histoire D&rsquo;o\u00f9 venons-nous ? Racontez l&rsquo;origine de votre projet ou de votre activit\u00e9. Comment tout a commenc\u00e9, quelle a \u00e9t\u00e9 l&rsquo;\u00e9tincelle initiale. Ce paragraphe doit cr\u00e9er une connexion \u00e9motionnelle avec le lecteur. D\u00e9veloppez le contexte, les d\u00e9fis rencontr\u00e9s, les \u00e9tapes cl\u00e9s qui ont forg\u00e9 votre identit\u00e9 actuelle. Soyez concret et authentique. Concluez sur votre &#8230; <a title=\"\u00c0 propos\" class=\"read-more\" href=\"https:\/\/blog.infonosocomiale.fr\/a-propos\/\" aria-label=\"En savoir plus sur \u00c0 propos\">Lire la suite<\/a><\/p>\n","protected":false},"author":0,"featured_media":0,"parent":0,"menu_order":0,"comment_status":"closed","ping_status":"closed","template":"","meta":{"footnotes":""},"class_list":["post-40","page","type-page","status-publish"],"_links":{"self":[{"href":"https:\/\/blog.infonosocomiale.fr\/wp-json\/wp\/v2\/pages\/40","targetHints":{"allow":["GET"]}}],"collection":[{"href":"https:\/\/blog.infonosocomiale.fr\/wp-json\/wp\/v2\/pages"}],"about":[{"href":"https:\/\/blog.infonosocomiale.fr\/wp-json\/wp\/v2\/types\/page"}],"replies":[{"embeddable":true,"href":"https:\/\/blog.infonosocomiale.fr\/wp-json\/wp\/v2\/comments?post=40"}],"version-history":[{"count":0,"href":"https:\/\/blog.infonosocomiale.fr\/wp-json\/wp\/v2\/pages\/40\/revisions"}],"wp:attachment":[{"href":"https:\/\/blog.infonosocomiale.fr\/wp-json\/wp\/v2\/media?parent=40"}],"curies":[{"name":"wp","href":"https:\/\/api.w.org\/{rel}","templated":true}]}}