{"id":42,"date":"2026-04-15T17:53:15","date_gmt":"2026-04-15T17:53:15","guid":{"rendered":"https:\/\/elegant-albattani.37-187-145-177.plesk.page\/staging\/contact\/"},"modified":"2026-04-15T18:00:21","modified_gmt":"2026-04-15T18:00:21","slug":"contact","status":"publish","type":"page","link":"https:\/\/blog.infonosocomiale.fr\/contact\/","title":{"rendered":"Contact"},"content":{"rendered":"\n<div class=\"wp-block-cover alignfull is-dark\" style=\"padding-top:80px;padding-bottom:80px\"><span aria-hidden=\"true\" class=\"wp-block-cover__background has-background-dim-70\" style=\"background-color:#1a1a2e\"><\/span><div class=\"wp-block-cover__inner-container is-layout-flow wp-block-cover-is-layout-flow\">\n\n<h1 class=\"wp-block-heading has-text-align-center\" style=\"color:#ffffff;font-size:46px;font-weight:700;margin-bottom:16px\">Contact<\/h1>\n\n\n<p class=\"has-text-align-center\" style=\"color:#e0e0e0;font-size:19px\">Une question ? Nous vous r\u00e9pondons dans les plus brefs d\u00e9lais<\/p>\n\n<\/div><\/div>\n\n\n\n<div class=\"wp-block-group alignfull\" style=\"padding-top:70px;padding-bottom:70px\"><div class=\"wp-block-group__inner-container is-layout-constrained wp-container-core-group-is-layout-348e4def wp-block-group-is-layout-constrained\">\n\n<div class=\"wp-block-columns are-vertically-aligned-top is-layout-flex wp-container-core-columns-is-layout-348bed09 wp-block-columns-is-layout-flex\">\n\n\n<div class=\"wp-block-column is-vertically-aligned-top is-layout-flow wp-block-column-is-layout-flow\" style=\"flex-basis:60%\">\n\n<h2 class=\"wp-block-heading\" style=\"font-size:28px;font-weight:700;margin-bottom:24px\">Envoyez-nous un message<\/h2>\n\n\n\n<\/div>\n\n\n\n<div class=\"wp-block-column is-vertically-aligned-top is-layout-flow wp-block-column-is-layout-flow\" style=\"flex-basis:40%\">\n\n<div class=\"wp-block-group\" style=\"border-radius:12px;background-color:#f0f4ff;padding-top:36px;padding-bottom:36px;padding-left:32px;padding-right:32px\"><div class=\"wp-block-group__inner-container is-layout-constrained wp-container-core-group-is-layout-bc368d40 wp-block-group-is-layout-constrained\">\n\n<h3 class=\"wp-block-heading\" style=\"font-size:22px;font-weight:700;margin-bottom:16px\">Vous pr\u00e9f\u00e9rez nous \u00e9crire directement ?<\/h3>\n\n\n<p style=\"color:#444444;font-size:16px;line-height:1.8;margin-bottom:28px\">Nous sommes disponibles et nous vous r\u00e9pondrons dans les meilleurs d\u00e9lais. N&rsquo;h\u00e9sitez pas \u00e0 nous contacter pour toute question ou demande d&rsquo;information.<\/p>\n\n\n<div class=\"wp-block-buttons is-layout-flex wp-block-buttons-is-layout-flex\">\n\n<div class=\"wp-block-button\"><a class=\"wp-block-button__link wp-element-button\" href=\"mailto:[EMAIL_CONTACT]\" style=\"font-size:15px;padding-top:12px;padding-bottom:12px;padding-left:24px;padding-right:24px\">\u2709 [EMAIL_CONTACT]<\/a><\/div>\n\n<\/div>\n\n<\/div><\/div>\n\n<\/div>\n\n\n<\/div>\n\n<\/div><\/div>\n","protected":false},"excerpt":{"rendered":"<p>Envoyez-nous un message Vous pr\u00e9f\u00e9rez nous \u00e9crire directement ? Nous sommes disponibles et nous vous r\u00e9pondrons dans les meilleurs d\u00e9lais. N&rsquo;h\u00e9sitez pas \u00e0 nous contacter pour toute question ou demande d&rsquo;information.<\/p>\n","protected":false},"author":0,"featured_media":0,"parent":0,"menu_order":0,"comment_status":"closed","ping_status":"closed","template":"","meta":{"footnotes":""},"class_list":["post-42","page","type-page","status-publish"],"_links":{"self":[{"href":"https:\/\/blog.infonosocomiale.fr\/wp-json\/wp\/v2\/pages\/42","targetHints":{"allow":["GET"]}}],"collection":[{"href":"https:\/\/blog.infonosocomiale.fr\/wp-json\/wp\/v2\/pages"}],"about":[{"href":"https:\/\/blog.infonosocomiale.fr\/wp-json\/wp\/v2\/types\/page"}],"replies":[{"embeddable":true,"href":"https:\/\/blog.infonosocomiale.fr\/wp-json\/wp\/v2\/comments?post=42"}],"version-history":[{"count":1,"href":"https:\/\/blog.infonosocomiale.fr\/wp-json\/wp\/v2\/pages\/42\/revisions"}],"predecessor-version":[{"id":45,"href":"https:\/\/blog.infonosocomiale.fr\/wp-json\/wp\/v2\/pages\/42\/revisions\/45"}],"wp:attachment":[{"href":"https:\/\/blog.infonosocomiale.fr\/wp-json\/wp\/v2\/media?parent=42"}],"curies":[{"name":"wp","href":"https:\/\/api.w.org\/{rel}","templated":true}]}}