{"id":61,"date":"2026-05-11T07:53:27","date_gmt":"2026-05-11T07:53:27","guid":{"rendered":"https:\/\/blog.infonosocomiale.fr\/a-propos-2\/"},"modified":"2026-05-11T08:33:47","modified_gmt":"2026-05-11T08:33:47","slug":"a-propos-2","status":"publish","type":"page","link":"https:\/\/blog.infonosocomiale.fr\/a-propos-2\/","title":{"rendered":"\u00c0 propos"},"content":{"rendered":"\n<div class=\"wp-block-group cdp-page-about\"><div class=\"wp-block-group__inner-container is-layout-constrained wp-container-core-group-is-layout-512b8d66 wp-block-group-is-layout-constrained\">\n\n\n<div class=\"wp-block-group cdp-about-intro\" style=\"padding-top:56px;padding-bottom:48px\"><div class=\"wp-block-group__inner-container is-layout-flow wp-block-group-is-layout-flow\">\n\n\n<div id=\"ez-toc-container\" class=\"ez-toc-v2_0_83 counter-hierarchy ez-toc-counter ez-toc-grey ez-toc-container-direction\">\n<div class=\"ez-toc-title-container\">\n<p class=\"ez-toc-title\" style=\"cursor:inherit\">Sommaire<\/p>\n<span class=\"ez-toc-title-toggle\"><a href=\"#\" class=\"ez-toc-pull-right ez-toc-btn ez-toc-btn-xs ez-toc-btn-default ez-toc-toggle\" aria-label=\"Toggle Table of Content\"><span class=\"ez-toc-js-icon-con\"><span class=\"\"><span class=\"eztoc-hide\" style=\"display:none;\">Toggle<\/span><span class=\"ez-toc-icon-toggle-span\"><svg style=\"fill: #999;color:#999\" xmlns=\"http:\/\/www.w3.org\/2000\/svg\" class=\"list-377408\" width=\"20px\" height=\"20px\" viewBox=\"0 0 24 24\" fill=\"none\"><path d=\"M6 6H4v2h2V6zm14 0H8v2h12V6zM4 11h2v2H4v-2zm16 0H8v2h12v-2zM4 16h2v2H4v-2zm16 0H8v2h12v-2z\" fill=\"currentColor\"><\/path><\/svg><svg style=\"fill: #999;color:#999\" class=\"arrow-unsorted-368013\" xmlns=\"http:\/\/www.w3.org\/2000\/svg\" width=\"10px\" height=\"10px\" viewBox=\"0 0 24 24\" version=\"1.2\" baseProfile=\"tiny\"><path d=\"M18.2 9.3l-6.2-6.3-6.2 6.3c-.2.2-.3.4-.3.7s.1.5.3.7c.2.2.4.3.7.3h11c.3 0 .5-.1.7-.3.2-.2.3-.5.3-.7s-.1-.5-.3-.7zM5.8 14.7l6.2 6.3 6.2-6.3c.2-.2.3-.5.3-.7s-.1-.5-.3-.7c-.2-.2-.4-.3-.7-.3h-11c-.3 0-.5.1-.7.3-.2.2-.3.5-.3.7s.1.5.3.7z\"\/><\/svg><\/span><\/span><\/span><\/a><\/span><\/div>\n<nav><ul class='ez-toc-list ez-toc-list-level-1 eztoc-toggle-hide-by-default' ><li class='ez-toc-page-1 ez-toc-heading-level-1'><a class=\"ez-toc-link ez-toc-heading-1\" href=\"https:\/\/blog.infonosocomiale.fr\/a-propos-2\/#Le_Carnet_du_Patient\" >Le Carnet du Patient<\/a><ul class='ez-toc-list-level-2' ><li class='ez-toc-heading-level-2'><a class=\"ez-toc-link ez-toc-heading-2\" href=\"https:\/\/blog.infonosocomiale.fr\/a-propos-2\/#Helene_Vasseur_directrice_editoriale\" >H\u00e9l\u00e8ne Vasseur, directrice \u00e9ditoriale<\/a><\/li><li class='ez-toc-page-1 ez-toc-heading-level-2'><a class=\"ez-toc-link ez-toc-heading-3\" href=\"https:\/\/blog.infonosocomiale.fr\/a-propos-2\/#Notre_ligne_editoriale\" >Notre ligne \u00e9ditoriale<\/a><\/li><li class='ez-toc-page-1 ez-toc-heading-level-2'><a class=\"ez-toc-link ez-toc-heading-4\" href=\"https:\/\/blog.infonosocomiale.fr\/a-propos-2\/#Une_question_Une_suggestion_Un_temoignage\" >Une question&#160;? Une suggestion&#160;? Un t&#233;moignage&#160;?<\/a><\/li><\/ul><\/li><\/ul><\/nav><\/div>\n<h1 class=\"wp-block-heading\" style=\"font-size:2.6rem;font-weight:700\"><span class=\"ez-toc-section\" id=\"Le_Carnet_du_Patient\"><\/span>Le Carnet du Patient<span class=\"ez-toc-section-end\"><\/span><\/h1>\n\n\n\n<p style=\"font-size:1.25rem;line-height:1.7;color:#C44536;margin-top:0;margin-bottom:32px\"><em>Le magazine qui accompagne les patients et leurs proches dans le soin<\/em><\/p>\n\n\n\n<p style=\"font-size:1.1rem;line-height:1.8\">Parce que traverser le syst&#232;me de sant&#233; &#8212; une hospitalisation, un diagnostic difficile, l&#8217;accompagnement d&#8217;un proche en perte d&#8217;autonomie &#8212; ne devrait jamais se faire seul ni sans information, <strong>Le Carnet du Patient<\/strong> existe pour &#233;clairer, outiller et accompagner.<\/p>\n\n\n\n<p style=\"font-size:1.1rem;line-height:1.8\">Ici, les droits du patient ne sont pas des abstractions juridiques. La relation avec les soignants n&#8217;est pas un rapport de force. Et le parcours de soin &#8212; avec ses doutes, ses questions pratiques, ses moments de d&#233;cision &#8212; est quelque chose que l&#8217;on peut appr&#233;hender avec clart&#233; et dignit&#233;.<\/p>\n\n\n<\/div><\/div>\n\n\n\n<hr class=\"wp-block-separator has-text-color has-background is-style-wide\" style=\"background-color:#E8DCC4;color:#E8DCC4\"\/>\n\n\n\n<div class=\"wp-block-group cdp-about-persona\" style=\"padding-top:48px;padding-bottom:48px\"><div class=\"wp-block-group__inner-container is-layout-flow wp-block-group-is-layout-flow\">\n\n\n<h2 class=\"wp-block-heading\" style=\"font-size:1.8rem\"><span class=\"ez-toc-section\" id=\"Helene_Vasseur_directrice_editoriale\"><\/span>H\u00e9l\u00e8ne Vasseur, directrice \u00e9ditoriale<span class=\"ez-toc-section-end\"><\/span><\/h2>\n\n\n\n<p style=\"font-size:1.05rem;line-height:1.8\">Je suis journaliste sp&#233;cialis&#233;e dans les questions de sant&#233;, de droits des malades et d&#8217;accompagnement des aidants. Apr&#232;s vingt ans de presse sp&#233;cialis&#233;e &#8212; au contact des associations de patients, des &#233;quipes soignantes et des juristes sp&#233;cialis&#233;s en droit m&#233;dical &#8212; j&#8217;ai voulu cr&#233;er un espace d&#233;di&#233; &#224; celles et ceux qui naviguent dans la complexit&#233; du soin.<\/p>\n\n\n\n<p style=\"font-size:1.05rem;line-height:1.8\">Le d&#233;clic est venu de ma propre exp&#233;rience&#160;: accompagner mon p&#232;re dans un parcours oncologique long et sinueux. J&#8217;ai compris alors combien l&#8217;information factuelle, accessible et honn&#234;te pouvait faire la diff&#233;rence &#8212; pas pour remplacer les soignants, mais pour permettre aux patients et &#224; leurs familles d&#8217;&#234;tre r&#233;ellement acteurs de leur sant&#233;.<\/p>\n\n\n\n<p style=\"font-size:1.05rem;line-height:1.8\">Bas&#233;e &#224; Tours, je collabore avec des m&#233;decins, des juristes, des travailleurs sociaux et des associations pour garantir la fiabilit&#233; de chaque article publi&#233; ici. <strong>Le Carnet du Patient<\/strong>, c&#8217;est ma fa&#231;on de rendre ce que j&#8217;ai appris &#8212; souvent &#224; la difficult&#233; &#8212; utile au plus grand nombre.<\/p>\n\n\n<\/div><\/div>\n\n\n\n<hr class=\"wp-block-separator has-text-color has-background is-style-wide\" style=\"background-color:#E8DCC4;color:#E8DCC4\"\/>\n\n\n\n<div class=\"wp-block-group cdp-about-edito\" style=\"padding-top:48px;padding-bottom:48px\"><div class=\"wp-block-group__inner-container is-layout-flow wp-block-group-is-layout-flow\">\n\n\n<h2 class=\"wp-block-heading\" style=\"font-size:1.8rem\"><span class=\"ez-toc-section\" id=\"Notre_ligne_editoriale\"><\/span>Notre ligne \u00e9ditoriale<span class=\"ez-toc-section-end\"><\/span><\/h2>\n\n\n\n<p style=\"font-size:1.05rem;line-height:1.8\">Le Carnet du Patient s&#8217;adresse aux patients hospitalis&#233;s ou en parcours de soins, aux aidants familiaux, aux proches de personnes malades, et &#224; toute personne souhaitant mieux conna&#238;tre ses droits en sant&#233;. Nos cinq domaines de couverture&#160;:<\/p>\n\n\n\n<ul class=\"wp-block-list\" style=\"font-size:1.05rem;line-height:1.9\">\n<li><strong>Actualit&#233;s sant&#233;<\/strong> &#8212; lois, d&#233;crets, rapports HAS, r&#233;formes hospitali\u00e8res<\/li>\n<li><strong>Hospitalisation &amp; soins<\/strong> &#8212; pr&#233;parer son s&#233;jour, comprendre le parcours, conna\u00eetre ses droits<\/li>\n<li><strong>Aidants &amp; famille<\/strong> &#8212; statut d&#8217;aidant, aides financi\u00e8res, &#233;quilibre de vie<\/li>\n<li><strong>Bien vieillir &amp; d&#233;pendance<\/strong> &#8212; EHPAD, maintien &#224; domicile, APA, droits des personnes &#226;g&#233;es<\/li>\n<li><strong>Droits du patient<\/strong> &#8212; dossier m&#233;dical, consentement &#233;clair&#233;, recours, directives anticip&#233;es<\/li>\n<\/ul>\n\n\n\n<p style=\"font-size:1.05rem;line-height:1.8\">Chaque article est r&#233;dig&#233; avec rigueur journalistique&#160;: sources officielle identifi&#233;es, terminologie m&#233;dicale expliqu&#233;e, dispositifs pratiques d&#233;taill&#233;s. Nous ne pratiquons ni le sensationnalisme ni la simplification abusive. Notre engagement&#160;: traiter chaque sujet avec la gravit&#233; qu&#8217;il m&#233;rite et le respect que nos lecteurs d&#233;servent.<\/p>\n\n\n<\/div><\/div>\n\n\n\n<hr class=\"wp-block-separator has-text-color has-background is-style-wide\" style=\"background-color:#E8DCC4;color:#E8DCC4\"\/>\n\n\n\n<div class=\"wp-block-group cdp-about-contact-cta\" style=\"padding-top:48px;padding-bottom:64px;text-align:center\"><div class=\"wp-block-group__inner-container is-layout-flow wp-block-group-is-layout-flow\">\n\n\n<h2 class=\"has-text-align-center wp-block-heading\" style=\"font-size:1.5rem\"><span class=\"ez-toc-section\" id=\"Une_question_Une_suggestion_Un_temoignage\"><\/span>Une question&#160;? Une suggestion&#160;? Un t&#233;moignage&#160;?<span class=\"ez-toc-section-end\"><\/span><\/h2>\n\n\n\n<p class=\"has-text-align-center\" style=\"font-size:1.05rem;line-height:1.8\">Le Carnet du Patient vit gr\u00e2ce &#224; ses lecteurs. Si vous avez une exp&#233;rience &#224; partager, une erreur &#224; signaler ou une th&#233;matique que vous aimeriez voir trait&#233;e, &#233;crivez-nous.<\/p>\n\n\n\n<div class=\"wp-block-buttons is-content-justification-center is-layout-flex wp-container-core-buttons-is-layout-76ef86aa wp-block-buttons-is-layout-flex\" style=\"margin-top:24px\">\n\n<div class=\"wp-block-button\"><a class=\"wp-block-button__link has-text-color has-background\" href=\"\/blog\/contact\/\" style=\"background-color:#C44536;color:#ffffff;border-radius:3px;font-size:1rem;font-weight:600;padding:14px 32px\">Nous contacter<\/a><\/div>\n\n<\/div>\n\n\n<\/div><\/div>\n\n\n<\/div><\/div>\n","protected":false},"excerpt":{"rendered":"<p>Le Carnet du Patient Le magazine qui accompagne les patients et leurs proches dans le soin Parce que traverser le syst&#232;me de sant&#233; &#8212; une hospitalisation, un diagnostic difficile, l&#8217;accompagnement d&#8217;un proche en perte d&#8217;autonomie &#8212; ne devrait jamais se faire seul ni sans information, Le Carnet du Patient existe pour &#233;clairer, outiller et accompagner. &#8230; <a title=\"\u00c0 propos\" class=\"read-more\" href=\"https:\/\/blog.infonosocomiale.fr\/a-propos-2\/\" aria-label=\"En savoir plus sur \u00c0 propos\">Lire la suite<\/a><\/p>\n","protected":false},"author":0,"featured_media":0,"parent":0,"menu_order":0,"comment_status":"closed","ping_status":"closed","template":"","meta":{"footnotes":""},"class_list":["post-61","page","type-page","status-publish"],"_links":{"self":[{"href":"https:\/\/blog.infonosocomiale.fr\/wp-json\/wp\/v2\/pages\/61","targetHints":{"allow":["GET"]}}],"collection":[{"href":"https:\/\/blog.infonosocomiale.fr\/wp-json\/wp\/v2\/pages"}],"about":[{"href":"https:\/\/blog.infonosocomiale.fr\/wp-json\/wp\/v2\/types\/page"}],"replies":[{"embeddable":true,"href":"https:\/\/blog.infonosocomiale.fr\/wp-json\/wp\/v2\/comments?post=61"}],"version-history":[{"count":1,"href":"https:\/\/blog.infonosocomiale.fr\/wp-json\/wp\/v2\/pages\/61\/revisions"}],"predecessor-version":[{"id":78,"href":"https:\/\/blog.infonosocomiale.fr\/wp-json\/wp\/v2\/pages\/61\/revisions\/78"}],"wp:attachment":[{"href":"https:\/\/blog.infonosocomiale.fr\/wp-json\/wp\/v2\/media?parent=61"}],"curies":[{"name":"wp","href":"https:\/\/api.w.org\/{rel}","templated":true}]}}